{"id":1349,"date":"2017-08-21T15:19:51","date_gmt":"2017-08-21T13:19:51","guid":{"rendered":"https:\/\/www.techchild.at\/marketing-intellichance\/?page_id=1349"},"modified":"2017-08-21T15:22:08","modified_gmt":"2017-08-21T13:22:08","slug":"johanna-grueblbauer","status":"publish","type":"page","link":"https:\/\/www.techchild.at\/marketing-intellichance\/johanna-grueblbauer\/","title":{"rendered":"Prof. (FH) Mag. Dr. Johanna Gr\u00fcblbauer"},"content":{"rendered":"<p>Fachhochschule St. P\u00f6lten<br \/>\n<em><i>Stellvertretende Institutsleiterin Institut f\u00fcr Medienwirtschaft<\/i><\/em><br \/>\n<em><i>Senior Researcher Institut f\u00fcr Medienwirtschaft<\/i><br \/>\n<\/em><\/p>\n<p><strong>Forschungsschwerpunkte und Advisor f\u00fcr&#8230;<\/strong><\/p>\n<ul>\n<li>User Analytics &amp; Communications<\/li>\n<\/ul>\n<p><a href=\"https:\/\/www.fhstp.ac.at\/de\/uber-uns\/mitarbeiter-innen-a-z\/grublbauer-johanna\">Link zur Universit\u00e4tsseite<\/a><\/p>\n","protected":false},"excerpt":{"rendered":"<p>Fachhochschule St. P\u00f6lten Stellvertretende Institutsleiterin Institut f\u00fcr Medienwirtschaft Senior Researcher Institut f\u00fcr Medienwirtschaft Forschungsschwerpunkte und Advisor f\u00fcr&#8230; User Analytics &amp; Communications Link zur Universit\u00e4tsseite<\/p>\n","protected":false},"author":1,"featured_media":1353,"parent":0,"menu_order":0,"comment_status":"closed","ping_status":"closed","template":"page-templates\/single-testimonial.php","meta":{"footnotes":""},"_links":{"self":[{"href":"https:\/\/www.techchild.at\/marketing-intellichance\/wp-json\/wp\/v2\/pages\/1349"}],"collection":[{"href":"https:\/\/www.techchild.at\/marketing-intellichance\/wp-json\/wp\/v2\/pages"}],"about":[{"href":"https:\/\/www.techchild.at\/marketing-intellichance\/wp-json\/wp\/v2\/types\/page"}],"author":[{"embeddable":true,"href":"https:\/\/www.techchild.at\/marketing-intellichance\/wp-json\/wp\/v2\/users\/1"}],"replies":[{"embeddable":true,"href":"https:\/\/www.techchild.at\/marketing-intellichance\/wp-json\/wp\/v2\/comments?post=1349"}],"version-history":[{"count":4,"href":"https:\/\/www.techchild.at\/marketing-intellichance\/wp-json\/wp\/v2\/pages\/1349\/revisions"}],"predecessor-version":[{"id":1356,"href":"https:\/\/www.techchild.at\/marketing-intellichance\/wp-json\/wp\/v2\/pages\/1349\/revisions\/1356"}],"wp:featuredmedia":[{"embeddable":true,"href":"https:\/\/www.techchild.at\/marketing-intellichance\/wp-json\/wp\/v2\/media\/1353"}],"wp:attachment":[{"href":"https:\/\/www.techchild.at\/marketing-intellichance\/wp-json\/wp\/v2\/media?parent=1349"}],"curies":[{"name":"wp","href":"https:\/\/api.w.org\/{rel}","templated":true}]}}