{"id":250,"date":"2016-02-18T07:27:18","date_gmt":"2016-02-18T07:27:18","guid":{"rendered":"http:\/\/demo.athemes.com\/astrid\/?page_id=250"},"modified":"2016-11-28T15:46:08","modified_gmt":"2016-11-28T14:46:08","slug":"heribert-gierl","status":"publish","type":"page","link":"https:\/\/www.techchild.at\/marketing-intellichance\/heribert-gierl\/","title":{"rendered":"Prof. Dr. Heribert Gierl"},"content":{"rendered":"<p>Universit\u00e4t Augsburg<br \/>\n<em>Professor f\u00fcr Betriebswirtschaftslehre mit dem Schwerpunkt Marketing<\/em><\/p>\n<p><strong>Forschungsschwerpunkte und Advisor f\u00fcr&#8230;<\/strong><\/p>\n<ul>\n<li>Zielgruppenselektion<\/li>\n<li>Markenpositionierung und Markenerweiterungen<\/li>\n<li>Kommunikationsstrategie<\/li>\n<li>Kundenbindungsprogramme<\/li>\n<li>Investitionsg\u00fctermarketing<\/li>\n<\/ul>\n<p><a href=\"https:\/\/www.wiwi.uni-augsburg.de\/bwl\/gierl\/team\/gierl\/\" target=\"_blank\">Link zur Universit\u00e4tsseite<\/a><\/p>\n","protected":false},"excerpt":{"rendered":"<p>Universit\u00e4t Augsburg Professor f\u00fcr Betriebswirtschaftslehre mit dem Schwerpunkt Marketing Forschungsschwerpunkte und Advisor f\u00fcr&#8230; Zielgruppenselektion Markenpositionierung und Markenerweiterungen Kommunikationsstrategie Kundenbindungsprogramme Investitionsg\u00fctermarketing Link zur Universit\u00e4tsseite<\/p>\n","protected":false},"author":1,"featured_media":730,"parent":0,"menu_order":3,"comment_status":"closed","ping_status":"closed","template":"page-templates\/single-testimonial.php","meta":{"footnotes":""},"_links":{"self":[{"href":"https:\/\/www.techchild.at\/marketing-intellichance\/wp-json\/wp\/v2\/pages\/250"}],"collection":[{"href":"https:\/\/www.techchild.at\/marketing-intellichance\/wp-json\/wp\/v2\/pages"}],"about":[{"href":"https:\/\/www.techchild.at\/marketing-intellichance\/wp-json\/wp\/v2\/types\/page"}],"author":[{"embeddable":true,"href":"https:\/\/www.techchild.at\/marketing-intellichance\/wp-json\/wp\/v2\/users\/1"}],"replies":[{"embeddable":true,"href":"https:\/\/www.techchild.at\/marketing-intellichance\/wp-json\/wp\/v2\/comments?post=250"}],"version-history":[{"count":27,"href":"https:\/\/www.techchild.at\/marketing-intellichance\/wp-json\/wp\/v2\/pages\/250\/revisions"}],"predecessor-version":[{"id":898,"href":"https:\/\/www.techchild.at\/marketing-intellichance\/wp-json\/wp\/v2\/pages\/250\/revisions\/898"}],"wp:featuredmedia":[{"embeddable":true,"href":"https:\/\/www.techchild.at\/marketing-intellichance\/wp-json\/wp\/v2\/media\/730"}],"wp:attachment":[{"href":"https:\/\/www.techchild.at\/marketing-intellichance\/wp-json\/wp\/v2\/media?parent=250"}],"curies":[{"name":"wp","href":"https:\/\/api.w.org\/{rel}","templated":true}]}}