{"id":252,"date":"2016-02-18T07:27:32","date_gmt":"2016-02-18T06:27:32","guid":{"rendered":"http:\/\/demo.athemes.com\/astrid\/?page_id=252"},"modified":"2016-11-28T15:43:02","modified_gmt":"2016-11-28T14:43:02","slug":"bernhard-heidel","status":"publish","type":"page","link":"https:\/\/www.techchild.at\/marketing-intellichance\/bernhard-heidel\/","title":{"rendered":"Prof. Dr. Bernhard Heidel"},"content":{"rendered":"<p>Hochschule RheinMain<br \/>\n<em>Wiesbaden Business School<br \/>\nProfessor f\u00fcr Marketingforschung und Statistik<br \/>\n<\/em><\/p>\n<p><strong>Forschungsschwerpunkte und Advisor f\u00fcr&#8230;<\/strong><\/p>\n<ul>\n<li>Prozessmanagement<\/li>\n<li>Handel<\/li>\n<li>K\u00e4uferverhalten<\/li>\n<li>Kommunikation<\/li>\n<li>Preismanagement<\/li>\n<\/ul>\n<p><a href=\"http:\/\/www.hs-rm.de\/de\/hochschule\/personen\/heidel-bernhard\/\" target=\"_blank\">Link zur Universit\u00e4tsseite<\/a><\/p>\n","protected":false},"excerpt":{"rendered":"<p>Hochschule RheinMain Wiesbaden Business School Professor f\u00fcr Marketingforschung und Statistik Forschungsschwerpunkte und Advisor f\u00fcr&#8230; Prozessmanagement Handel K\u00e4uferverhalten Kommunikation Preismanagement Link zur Universit\u00e4tsseite<\/p>\n","protected":false},"author":1,"featured_media":777,"parent":0,"menu_order":0,"comment_status":"closed","ping_status":"closed","template":"page-templates\/single-testimonial.php","meta":{"footnotes":""},"_links":{"self":[{"href":"https:\/\/www.techchild.at\/marketing-intellichance\/wp-json\/wp\/v2\/pages\/252"}],"collection":[{"href":"https:\/\/www.techchild.at\/marketing-intellichance\/wp-json\/wp\/v2\/pages"}],"about":[{"href":"https:\/\/www.techchild.at\/marketing-intellichance\/wp-json\/wp\/v2\/types\/page"}],"author":[{"embeddable":true,"href":"https:\/\/www.techchild.at\/marketing-intellichance\/wp-json\/wp\/v2\/users\/1"}],"replies":[{"embeddable":true,"href":"https:\/\/www.techchild.at\/marketing-intellichance\/wp-json\/wp\/v2\/comments?post=252"}],"version-history":[{"count":11,"href":"https:\/\/www.techchild.at\/marketing-intellichance\/wp-json\/wp\/v2\/pages\/252\/revisions"}],"predecessor-version":[{"id":894,"href":"https:\/\/www.techchild.at\/marketing-intellichance\/wp-json\/wp\/v2\/pages\/252\/revisions\/894"}],"wp:featuredmedia":[{"embeddable":true,"href":"https:\/\/www.techchild.at\/marketing-intellichance\/wp-json\/wp\/v2\/media\/777"}],"wp:attachment":[{"href":"https:\/\/www.techchild.at\/marketing-intellichance\/wp-json\/wp\/v2\/media?parent=252"}],"curies":[{"name":"wp","href":"https:\/\/api.w.org\/{rel}","templated":true}]}}