{"id":470,"date":"2016-08-13T21:21:27","date_gmt":"2016-08-13T19:21:27","guid":{"rendered":"http:\/\/www.techchild.at\/marketing-intellichance\/?page_id=470"},"modified":"2016-12-12T21:50:40","modified_gmt":"2016-12-12T20:50:40","slug":"architekt-und-generalunternehmer","status":"publish","type":"page","link":"https:\/\/www.techchild.at\/marketing-intellichance\/architekt-und-generalunternehmer\/","title":{"rendered":"Architekt &#038; Generalunternehmer"},"content":{"rendered":"<p>Wir agieren als Architekt und Generalunternehmer f\u00fcr Ihr Marketing.<!--more--><\/p>\n<ul>\n<li><img decoding=\"async\" class=\"alignright size-medium wp-image-916\" src=\"https:\/\/www.techchild.at\/marketing-intellichance\/wp-content\/uploads\/sites\/2\/2016\/02\/architekt_generalunternehmer-300x248.jpg\" alt=\"architekt_generalunternehmer\" width=\"300\" height=\"248\" srcset=\"https:\/\/www.techchild.at\/marketing-intellichance\/wp-content\/uploads\/sites\/2\/2016\/02\/architekt_generalunternehmer-300x248.jpg 300w, https:\/\/www.techchild.at\/marketing-intellichance\/wp-content\/uploads\/sites\/2\/2016\/02\/architekt_generalunternehmer-768x635.jpg 768w, https:\/\/www.techchild.at\/marketing-intellichance\/wp-content\/uploads\/sites\/2\/2016\/02\/architekt_generalunternehmer-1024x846.jpg 1024w, https:\/\/www.techchild.at\/marketing-intellichance\/wp-content\/uploads\/sites\/2\/2016\/02\/architekt_generalunternehmer-700x579.jpg 700w, https:\/\/www.techchild.at\/marketing-intellichance\/wp-content\/uploads\/sites\/2\/2016\/02\/architekt_generalunternehmer-520x430.jpg 520w, https:\/\/www.techchild.at\/marketing-intellichance\/wp-content\/uploads\/sites\/2\/2016\/02\/architekt_generalunternehmer-360x298.jpg 360w, https:\/\/www.techchild.at\/marketing-intellichance\/wp-content\/uploads\/sites\/2\/2016\/02\/architekt_generalunternehmer-250x207.jpg 250w, https:\/\/www.techchild.at\/marketing-intellichance\/wp-content\/uploads\/sites\/2\/2016\/02\/architekt_generalunternehmer-100x83.jpg 100w, https:\/\/www.techchild.at\/marketing-intellichance\/wp-content\/uploads\/sites\/2\/2016\/02\/architekt_generalunternehmer.jpg 1667w\" sizes=\"(max-width: 300px) 100vw, 300px\" \/>\u00c4hnlich einem Architekten beim Hausbau \u00fcbernehmen wir f\u00fcr Sie alle marketingrelevanten T\u00e4tigkeiten<\/li>\n<li>Ein einziger Ansprechpartner f\u00fcr Sie als Auftraggeber<\/li>\n<li>Von der Planung und Zieldefinition \u00fcber die Strategie bis zur Umsetzung konkreter Ma\u00dfnahmen und dem Controlling<\/li>\n<li>\u00dcber alle Medien und Kan\u00e4le hinweg<\/li>\n<li>Koordinierung von externen Dienstleistern und Agenturen<\/li>\n<li>Schnittstelle zwischen Ihnen und ausf\u00fchrenden Unternehmen<\/li>\n<\/ul>\n<p><strong>Zu Ihrem Vorteil:<\/strong> Sie konzentrieren sich auf Ihr Kerngesch\u00e4ft und wir k\u00fcmmern uns um die zugeh\u00f6rige passgenaue Kommunikation und die Abstimmung aller Beteiligten.<\/p>\n","protected":false},"excerpt":{"rendered":"<p>Wir agieren als Architekt und Generalunternehmer f\u00fcr Ihr Marketing.<\/p>\n","protected":false},"author":1,"featured_media":508,"parent":0,"menu_order":7,"comment_status":"closed","ping_status":"closed","template":"page-templates\/single-service.php","meta":{"footnotes":""},"_links":{"self":[{"href":"https:\/\/www.techchild.at\/marketing-intellichance\/wp-json\/wp\/v2\/pages\/470"}],"collection":[{"href":"https:\/\/www.techchild.at\/marketing-intellichance\/wp-json\/wp\/v2\/pages"}],"about":[{"href":"https:\/\/www.techchild.at\/marketing-intellichance\/wp-json\/wp\/v2\/types\/page"}],"author":[{"embeddable":true,"href":"https:\/\/www.techchild.at\/marketing-intellichance\/wp-json\/wp\/v2\/users\/1"}],"replies":[{"embeddable":true,"href":"https:\/\/www.techchild.at\/marketing-intellichance\/wp-json\/wp\/v2\/comments?post=470"}],"version-history":[{"count":7,"href":"https:\/\/www.techchild.at\/marketing-intellichance\/wp-json\/wp\/v2\/pages\/470\/revisions"}],"predecessor-version":[{"id":568,"href":"https:\/\/www.techchild.at\/marketing-intellichance\/wp-json\/wp\/v2\/pages\/470\/revisions\/568"}],"wp:featuredmedia":[{"embeddable":true,"href":"https:\/\/www.techchild.at\/marketing-intellichance\/wp-json\/wp\/v2\/media\/508"}],"wp:attachment":[{"href":"https:\/\/www.techchild.at\/marketing-intellichance\/wp-json\/wp\/v2\/media?parent=470"}],"curies":[{"name":"wp","href":"https:\/\/api.w.org\/{rel}","templated":true}]}}