{"id":665,"date":"2016-08-24T15:27:28","date_gmt":"2016-08-24T13:27:28","guid":{"rendered":"http:\/\/www.techchild.at\/marketing-intellichance\/?page_id=665"},"modified":"2016-11-28T15:42:14","modified_gmt":"2016-11-28T14:42:14","slug":"bodo-schlegelmilch","status":"publish","type":"page","link":"https:\/\/www.techchild.at\/marketing-intellichance\/bodo-schlegelmilch\/","title":{"rendered":"Prof. Bodo B. Schlegelmilch, Ph.D."},"content":{"rendered":"<p>Wirtschaftsuniversit\u00e4t Wien<br \/>\n<em>Institutsvorstand International Marketing Management<\/em><br \/>\n<em> Professor f\u00fcr International Management and Marketing<br \/>\n<\/em><\/p>\n<p><strong>Forschungsschwerpunkte und Advisor f\u00fcr&#8230;<\/strong><\/p>\n<ul>\n<li>Globale Marketing Strategien<\/li>\n<li>Innovationen in Organisationen<\/li>\n<li>Corporate Social Responsibility (CSR)<\/li>\n<li>Kommunikation (regional, national und international)<\/li>\n<\/ul>\n<p><a href=\"https:\/\/www.wu.ac.at\/imm\/about-imm\/faculty\/bbs-lowercased\/\" target=\"_blank\">Link zur Universit\u00e4tsseite<\/a><\/p>\n","protected":false},"excerpt":{"rendered":"<p>Wirtschaftsuniversit\u00e4t Wien Institutsvorstand International Marketing Management Professor f\u00fcr International Management and Marketing Forschungsschwerpunkte und Advisor f\u00fcr&#8230; Globale Marketing Strategien Innovationen in Organisationen Corporate Social Responsibility (CSR) Kommunikation (regional, national und international) Link zur Universit\u00e4tsseite<\/p>\n","protected":false},"author":1,"featured_media":815,"parent":0,"menu_order":0,"comment_status":"closed","ping_status":"closed","template":"page-templates\/single-testimonial.php","meta":{"footnotes":""},"_links":{"self":[{"href":"https:\/\/www.techchild.at\/marketing-intellichance\/wp-json\/wp\/v2\/pages\/665"}],"collection":[{"href":"https:\/\/www.techchild.at\/marketing-intellichance\/wp-json\/wp\/v2\/pages"}],"about":[{"href":"https:\/\/www.techchild.at\/marketing-intellichance\/wp-json\/wp\/v2\/types\/page"}],"author":[{"embeddable":true,"href":"https:\/\/www.techchild.at\/marketing-intellichance\/wp-json\/wp\/v2\/users\/1"}],"replies":[{"embeddable":true,"href":"https:\/\/www.techchild.at\/marketing-intellichance\/wp-json\/wp\/v2\/comments?post=665"}],"version-history":[{"count":6,"href":"https:\/\/www.techchild.at\/marketing-intellichance\/wp-json\/wp\/v2\/pages\/665\/revisions"}],"predecessor-version":[{"id":892,"href":"https:\/\/www.techchild.at\/marketing-intellichance\/wp-json\/wp\/v2\/pages\/665\/revisions\/892"}],"wp:featuredmedia":[{"embeddable":true,"href":"https:\/\/www.techchild.at\/marketing-intellichance\/wp-json\/wp\/v2\/media\/815"}],"wp:attachment":[{"href":"https:\/\/www.techchild.at\/marketing-intellichance\/wp-json\/wp\/v2\/media?parent=665"}],"curies":[{"name":"wp","href":"https:\/\/api.w.org\/{rel}","templated":true}]}}