{"id":684,"date":"2016-08-24T16:19:45","date_gmt":"2016-08-24T14:19:45","guid":{"rendered":"http:\/\/www.techchild.at\/marketing-intellichance\/?page_id=684"},"modified":"2016-11-28T15:43:20","modified_gmt":"2016-11-28T14:43:20","slug":"arnd-florack","status":"publish","type":"page","link":"https:\/\/www.techchild.at\/marketing-intellichance\/arnd-florack\/","title":{"rendered":"Prof. Dr. Arnd Florack"},"content":{"rendered":"<p>Universit\u00e4t Wien<br \/>\n<em>Leitung Institut f\u00fcr Sozialpsychologie und Konsumentenverhaltensforschung<\/em><\/p>\n<p><strong>Forschungsschwerpunkte und Advisor f\u00fcr&#8230;<\/strong><\/p>\n<ul>\n<li>Wirtschaftspsychologie<\/li>\n<li>Werbung, Markenpositionierung, Konsumentenverhalten<\/li>\n<li>Sozialpsychologie<\/li>\n<li>Gruppenbeziehungen, Akkulturation, soziale Kognition<\/li>\n<\/ul>\n<p><a href=\"http:\/\/soko-psy.univie.ac.at\/team\/\" target=\"_blank\">Link zur Universit\u00e4tsseite<\/a><\/p>\n","protected":false},"excerpt":{"rendered":"<p>Universit\u00e4t Wien Leitung Institut f\u00fcr Sozialpsychologie und Konsumentenverhaltensforschung Forschungsschwerpunkte und Advisor f\u00fcr&#8230; Wirtschaftspsychologie Werbung, Markenpositionierung, Konsumentenverhalten Sozialpsychologie Gruppenbeziehungen, Akkulturation, soziale Kognition Link zur Universit\u00e4tsseite<\/p>\n","protected":false},"author":1,"featured_media":788,"parent":0,"menu_order":0,"comment_status":"closed","ping_status":"closed","template":"page-templates\/single-testimonial.php","meta":{"footnotes":""},"_links":{"self":[{"href":"https:\/\/www.techchild.at\/marketing-intellichance\/wp-json\/wp\/v2\/pages\/684"}],"collection":[{"href":"https:\/\/www.techchild.at\/marketing-intellichance\/wp-json\/wp\/v2\/pages"}],"about":[{"href":"https:\/\/www.techchild.at\/marketing-intellichance\/wp-json\/wp\/v2\/types\/page"}],"author":[{"embeddable":true,"href":"https:\/\/www.techchild.at\/marketing-intellichance\/wp-json\/wp\/v2\/users\/1"}],"replies":[{"embeddable":true,"href":"https:\/\/www.techchild.at\/marketing-intellichance\/wp-json\/wp\/v2\/comments?post=684"}],"version-history":[{"count":10,"href":"https:\/\/www.techchild.at\/marketing-intellichance\/wp-json\/wp\/v2\/pages\/684\/revisions"}],"predecessor-version":[{"id":891,"href":"https:\/\/www.techchild.at\/marketing-intellichance\/wp-json\/wp\/v2\/pages\/684\/revisions\/891"}],"wp:featuredmedia":[{"embeddable":true,"href":"https:\/\/www.techchild.at\/marketing-intellichance\/wp-json\/wp\/v2\/media\/788"}],"wp:attachment":[{"href":"https:\/\/www.techchild.at\/marketing-intellichance\/wp-json\/wp\/v2\/media?parent=684"}],"curies":[{"name":"wp","href":"https:\/\/api.w.org\/{rel}","templated":true}]}}