{"id":685,"date":"2016-08-24T16:19:53","date_gmt":"2016-08-24T14:19:53","guid":{"rendered":"http:\/\/www.techchild.at\/marketing-intellichance\/?page_id=685"},"modified":"2016-11-28T15:43:02","modified_gmt":"2016-11-28T14:43:02","slug":"joerg-matthes","status":"publish","type":"page","link":"https:\/\/www.techchild.at\/marketing-intellichance\/joerg-matthes\/","title":{"rendered":"Prof. Dr. J\u00f6rg Matthes"},"content":{"rendered":"<p>Universit\u00e4t Wien<br \/>\n<em>Institutsvorstand f\u00fcr Publizistik- und Kommunikationswissenschaft<\/em><br \/>\n<em> Professor f\u00fcr Werbeforschung und Leiter der Abteilung Advertising and Media Effects (AdMe)<\/em><\/p>\n<p><strong>Forschungsschwerpunkte und Advisor f\u00fcr&#8230;<\/strong><\/p>\n<ul>\n<li>Werbeforschung<\/li>\n<li>Politische Kommunikationsforschung<\/li>\n<li>Inhalts-, Rezeptions- und Wirkungsforschung<\/li>\n<li>Methodenforschung<\/li>\n<\/ul>\n<p><a href=\"https:\/\/publizistik.univie.ac.at\/institut\/ma\/matthes-joerg\/\" target=\"_blank\">Link zur Universit\u00e4tsseite<\/a><\/p>\n","protected":false},"excerpt":{"rendered":"<p>Universit\u00e4t Wien Institutsvorstand f\u00fcr Publizistik- und Kommunikationswissenschaft Professor f\u00fcr Werbeforschung und Leiter der Abteilung Advertising and Media Effects (AdMe) Forschungsschwerpunkte und Advisor f\u00fcr&#8230; Werbeforschung Politische Kommunikationsforschung Inhalts-, Rezeptions- und Wirkungsforschung Methodenforschung Link zur Universit\u00e4tsseite<\/p>\n","protected":false},"author":1,"featured_media":781,"parent":0,"menu_order":0,"comment_status":"closed","ping_status":"closed","template":"page-templates\/single-testimonial.php","meta":{"footnotes":""},"_links":{"self":[{"href":"https:\/\/www.techchild.at\/marketing-intellichance\/wp-json\/wp\/v2\/pages\/685"}],"collection":[{"href":"https:\/\/www.techchild.at\/marketing-intellichance\/wp-json\/wp\/v2\/pages"}],"about":[{"href":"https:\/\/www.techchild.at\/marketing-intellichance\/wp-json\/wp\/v2\/types\/page"}],"author":[{"embeddable":true,"href":"https:\/\/www.techchild.at\/marketing-intellichance\/wp-json\/wp\/v2\/users\/1"}],"replies":[{"embeddable":true,"href":"https:\/\/www.techchild.at\/marketing-intellichance\/wp-json\/wp\/v2\/comments?post=685"}],"version-history":[{"count":8,"href":"https:\/\/www.techchild.at\/marketing-intellichance\/wp-json\/wp\/v2\/pages\/685\/revisions"}],"predecessor-version":[{"id":893,"href":"https:\/\/www.techchild.at\/marketing-intellichance\/wp-json\/wp\/v2\/pages\/685\/revisions\/893"}],"wp:featuredmedia":[{"embeddable":true,"href":"https:\/\/www.techchild.at\/marketing-intellichance\/wp-json\/wp\/v2\/media\/781"}],"wp:attachment":[{"href":"https:\/\/www.techchild.at\/marketing-intellichance\/wp-json\/wp\/v2\/media?parent=685"}],"curies":[{"name":"wp","href":"https:\/\/api.w.org\/{rel}","templated":true}]}}