{"id":824,"date":"2016-09-29T17:11:06","date_gmt":"2016-09-29T15:11:06","guid":{"rendered":"http:\/\/www.techchild.at\/marketing-intellichance\/?page_id=824"},"modified":"2016-11-28T15:44:06","modified_gmt":"2016-11-28T14:44:06","slug":"michael-meyer","status":"publish","type":"page","link":"https:\/\/www.techchild.at\/marketing-intellichance\/michael-meyer\/","title":{"rendered":"Prof. Dr. Michael Meyer"},"content":{"rendered":"<p>Wirtschaftsuniversit\u00e4t Wien<br \/>\n<em>Institutsvorstand Nonprofit Management<br \/>\nVorstandsvorsitzender WU ZBP Career Center<\/em><br \/>\n<em>Ehem. Vizerektor Wirtschaftsuniversit\u00e4t Wien<br \/>\n<\/em><\/p>\n<p><strong>Forschungsschwerpunkte und Advisor f\u00fcr&#8230;<\/strong><\/p>\n<ul>\n<li>Personalmanagement und -entwicklung<\/li>\n<li>Unternehmensf\u00fchrung<\/li>\n<li>Non Profit Organisationen (NPO)<\/li>\n<li>F\u00fchrung und Kontrolle gro\u00dfer Unternehmen (Managerialismus)<\/li>\n<\/ul>\n<p><a href=\"https:\/\/www.wu.ac.at\/npo\/team\/mm\/\" target=\"_blank\">Link zur Universit\u00e4tsseite<\/a><\/p>\n","protected":false},"excerpt":{"rendered":"<p>Wirtschaftsuniversit\u00e4t Wien Institutsvorstand Nonprofit Management Vorstandsvorsitzender WU ZBP Career Center Ehem. Vizerektor Wirtschaftsuniversit\u00e4t Wien Forschungsschwerpunkte und Advisor f\u00fcr&#8230; Personalmanagement und -entwicklung Unternehmensf\u00fchrung Non Profit Organisationen (NPO) F\u00fchrung und Kontrolle gro\u00dfer Unternehmen (Managerialismus) Link zur Universit\u00e4tsseite<\/p>\n","protected":false},"author":1,"featured_media":827,"parent":0,"menu_order":0,"comment_status":"closed","ping_status":"closed","template":"page-templates\/single-testimonial.php","meta":{"footnotes":""},"_links":{"self":[{"href":"https:\/\/www.techchild.at\/marketing-intellichance\/wp-json\/wp\/v2\/pages\/824"}],"collection":[{"href":"https:\/\/www.techchild.at\/marketing-intellichance\/wp-json\/wp\/v2\/pages"}],"about":[{"href":"https:\/\/www.techchild.at\/marketing-intellichance\/wp-json\/wp\/v2\/types\/page"}],"author":[{"embeddable":true,"href":"https:\/\/www.techchild.at\/marketing-intellichance\/wp-json\/wp\/v2\/users\/1"}],"replies":[{"embeddable":true,"href":"https:\/\/www.techchild.at\/marketing-intellichance\/wp-json\/wp\/v2\/comments?post=824"}],"version-history":[{"count":3,"href":"https:\/\/www.techchild.at\/marketing-intellichance\/wp-json\/wp\/v2\/pages\/824\/revisions"}],"predecessor-version":[{"id":895,"href":"https:\/\/www.techchild.at\/marketing-intellichance\/wp-json\/wp\/v2\/pages\/824\/revisions\/895"}],"wp:featuredmedia":[{"embeddable":true,"href":"https:\/\/www.techchild.at\/marketing-intellichance\/wp-json\/wp\/v2\/media\/827"}],"wp:attachment":[{"href":"https:\/\/www.techchild.at\/marketing-intellichance\/wp-json\/wp\/v2\/media?parent=824"}],"curies":[{"name":"wp","href":"https:\/\/api.w.org\/{rel}","templated":true}]}}